{"id":4078,"date":"2024-10-30T12:49:36","date_gmt":"2024-10-30T11:49:36","guid":{"rendered":"https:\/\/human1st.eu\/human1st-beschwerdepolitik\/"},"modified":"2024-11-25T21:23:26","modified_gmt":"2024-11-25T20:23:26","slug":"human1st-beschwerdepolitik","status":"publish","type":"page","link":"https:\/\/human1st.eu\/de\/human1st-beschwerdepolitik\/","title":{"rendered":"Human1st Beschwerdepolitik"},"content":{"rendered":"\t\t<div data-elementor-type=\"wp-page\" data-elementor-id=\"4078\" class=\"elementor elementor-4078 elementor-1338\" data-elementor-post-type=\"page\">\n\t\t\t\t<div class=\"elementor-element elementor-element-7b484b3 e-flex e-con-boxed e-con e-parent\" data-id=\"7b484b3\" data-element_type=\"container\" data-settings=\"{&quot;background_background&quot;:&quot;classic&quot;}\">\n\t\t\t\t\t<div class=\"e-con-inner\">\n\t\t\t\t<div class=\"elementor-element elementor-element-fef30dc elementor-align-center elementor-widget__width-inherit elementor-widget elementor-widget-breadcrumbs\" data-id=\"fef30dc\" data-element_type=\"widget\" data-widget_type=\"breadcrumbs.default\">\n\t\t\t\t<div class=\"elementor-widget-container\">\n\t\t\t<p id=\"breadcrumbs\"><span><span><a href=\"https:\/\/human1st.eu\/de\/\">Homepage<\/a><\/span><\/span><\/p>\t\t<\/div>\n\t\t\t\t<\/div>\n\t\t\t\t\t<\/div>\n\t\t\t\t<\/div>\n\t\t<div class=\"elementor-element elementor-element-77d186d e-flex e-con-boxed e-con e-parent\" data-id=\"77d186d\" data-element_type=\"container\">\n\t\t\t\t\t<div class=\"e-con-inner\">\n\t\t\t\t<div class=\"elementor-element elementor-element-7c5813f elementor-widget elementor-widget-text-editor\" data-id=\"7c5813f\" data-element_type=\"widget\" data-widget_type=\"text-editor.default\">\n\t\t\t\t<div class=\"elementor-widget-container\">\n\t\t\t\t\t\t\t<p><strong>Human1st-Beschwerdepolitik<\/strong><\/p>\n<p>Die Beschwerde- und Beschwerderichtlinie von <strong>Human1st<\/strong> spiegelt unser Engagement f\u00fcr den Aufbau einer menschenfreundlichen Organisation wider, in der jeder Mensch mit Unterst\u00fctzung und Respekt f\u00fcr seine Rechte rechnen kann. Wir m\u00f6chten sicherstellen, dass alle Beschwerden auf faire und konstruktive Weise gel\u00f6st werden und dass die daraus gezogenen Lehren zur Entwicklung und Verbesserung unseres Unternehmens beitragen. <\/p>\n<ol type=\"a\">\n<li><strong>&nbsp;Zweck und Geltungsbereich der Richtlinie<\/strong>Die Beschwerdepolitik von Human1st zielt darauf ab, ein transparentes und faires Verfahren f\u00fcr den Umgang mit Beschwerden und M\u00e4ngeln zu gew\u00e4hrleisten, die die Qualit\u00e4t unserer Dienstleistungen und internen Beziehungen betreffen. Sie gilt f\u00fcr alle Mitarbeiter, Kunden und Kandidaten und zielt darauf ab, eine positive, auf Vertrauen basierende Arbeitsbeziehung zu f\u00f6rdern.<strong><\/strong> <\/li>\n<li><strong>&nbsp;Beschwerden<\/strong><strong>und Beschwerdepolitik<\/strong>Human1st akzeptiert Beschwerden \u00fcber Themen wie die Qualit\u00e4t der Personaldienstleistungen, Kommunikation, Berufsethik, Arbeitsbedingungen und das Verhalten der Mitarbeiter. Jedes angesprochene Problem wird unter Wahrung der Privatsph\u00e4re und der Vertraulichkeit behandelt, wobei wir uns bem\u00fchen, eine zufriedenstellende L\u00f6sung zu finden.<strong><\/strong> <\/li>\n<li><strong>Prozess der Reklamationen<\/strong><br>\n<ol type=\"a\">\n<li><strong>&nbsp;Melden Sie eine Beschwerde<\/strong>Beschwerden und Beanstandungen k\u00f6nnen schriftlich, per E-Mail, telefonisch oder pers\u00f6nlich eingereicht werden. Wir bevorzugen schriftliche Einreichungen, um ein umfassendes Verst\u00e4ndnis des Problems zu erm\u00f6glichen und die anschlie\u00dfende Dokumentation zu erleichtern.<strong><\/strong> <\/li>\n<li><strong>&nbsp;Eingangsbest\u00e4tigung<\/strong>Nach Eingang einer Beschwerde best\u00e4tigt Human1st den Empfang innerhalb von 3 Werktagen und informiert den Beschwerdef\u00fchrer \u00fcber die n\u00e4chsten Schritte, die voraussichtliche Bearbeitungszeit und die f\u00fcr die \u00dcberwachung des Prozesses zust\u00e4ndige Person.<strong><\/strong><\/li>\n<li><strong>&nbsp;Analyse und Bearbeitung der Beschwerde<\/strong>Jede Beschwerde wird von einem bestimmten Mitglied des Teams analysiert, das daf\u00fcr sorgt, dass der Prozess objektiv und transparent ist. Falls erforderlich, kann das Team den Beschwerdef\u00fchrer kontaktieren, um zus\u00e4tzliche Informationen zu erhalten.<strong><\/strong> <\/li>\n<li><strong>&nbsp;Entscheidungsfindung<\/strong>Eine Entscheidung wird innerhalb von 14 Arbeitstagen nach Eingang der Beschwerde getroffen. In komplexeren F\u00e4llen kann die Frist nach vorheriger Unterrichtung des Antragstellers verl\u00e4ngert werden.<strong><\/strong><\/li>\n<li><strong>&nbsp;Antwort und Abschluss der Beschwerde<\/strong>Sobald der Prozess abgeschlossen ist, sendet Human1st eine offizielle Antwort an den Beschwerdef\u00fchrer, die Informationen \u00fcber die Entscheidung und etwaige Korrekturma\u00dfnahmen enth\u00e4lt. Falls der Beschwerdef\u00fchrer unzufrieden ist, kann er eine erneute Pr\u00fcfung beantragen.<strong><\/strong> <\/li>\n<\/ol>\n<\/li>\n<li><strong>&nbsp;Korrektur- und Pr\u00e4ventivma\u00dfnahmen<\/strong>Auf der Grundlage der Analyse von Beschwerden f\u00fchrt Human1st geeignete Korrektur- und Pr\u00e4ventivma\u00dfnahmen durch, um \u00e4hnliche Situationen in Zukunft zu vermeiden. Zu diesen Ma\u00dfnahmen geh\u00f6ren \u00c4nderungen der Verfahren, Mitarbeiterschulungen und die regelm\u00e4\u00dfige \u00dcberwachung der gemeldeten Probleme.<strong><\/strong> <\/li>\n<li><strong>&nbsp;Vertraulichkeit und Sicherheit von Informationen<\/strong>Alle in Beschwerden enthaltenen Informationen werden vertraulich und in \u00dcbereinstimmung mit den Grunds\u00e4tzen des Datenschutzgesetzes behandelt, um die Privatsph\u00e4re der Beschwerdef\u00fchrer zu sch\u00fctzen und einen sicheren Prozess zu gew\u00e4hrleisten.<strong><\/strong><\/li>\n<li><strong>&nbsp;\u00dcberwachung und Bewertung des Beschwerdeverfahrens<\/strong>Human1st analysiert regelm\u00e4\u00dfig die Beschwerdedaten, um Bereiche mit Verbesserungspotenzial zu ermitteln. Einmal im Jahr ver\u00f6ffentlichen wir einen Bericht mit einer Zusammenfassung der Daten \u00fcber die Anzahl der Beschwerden, die ergriffenen Ma\u00dfnahmen und die vorgenommenen \u00c4nderungen, so dass wir die Qualit\u00e4t der erbrachten Dienstleistungen kontinuierlich verbessern k\u00f6nnen.<strong><\/strong> <\/li>\n<\/ol>\t\t\t\t\t\t<\/div>\n\t\t\t\t<\/div>\n\t\t\t\t\t<\/div>\n\t\t\t\t<\/div>\n\t\t\t\t<\/div>\n\t\t","protected":false},"excerpt":{"rendered":"<p>Human1st-Beschwerdepolitik Die Beschwerde- und Beschwerderichtlinie von Human1st spiegelt unser Engagement f\u00fcr den Aufbau einer menschenfreundlichen Organisation wider, in der jeder Mensch mit Unterst\u00fctzung und Respekt f\u00fcr seine Rechte rechnen kann. Wir m\u00f6chten sicherstellen, dass alle Beschwerden auf faire und konstruktive Weise gel\u00f6st werden und dass die daraus gezogenen Lehren zur Entwicklung und Verbesserung unseres Unternehmens [&hellip;]<\/p>\n","protected":false},"author":1,"featured_media":0,"parent":0,"menu_order":0,"comment_status":"closed","ping_status":"closed","template":"elementor_header_footer","meta":{"inline_featured_image":false,"footnotes":""},"class_list":["post-4078","page","type-page","status-publish","hentry"],"yoast_head":"<!-- This site is optimized with the Yoast SEO plugin v24.6 - https:\/\/yoast.com\/wordpress\/plugins\/seo\/ -->\n<title>Human1st Beschwerdepolitik - Human1st<\/title>\n<meta name=\"robots\" content=\"index, follow, max-snippet:-1, max-image-preview:large, max-video-preview:-1\" \/>\n<link rel=\"canonical\" href=\"https:\/\/human1st.eu\/de\/human1st-beschwerdepolitik\/\" \/>\n<meta property=\"og:locale\" content=\"de_DE\" \/>\n<meta property=\"og:type\" content=\"article\" \/>\n<meta property=\"og:title\" content=\"Human1st Beschwerdepolitik - Human1st\" \/>\n<meta property=\"og:description\" content=\"Human1st-Beschwerdepolitik Die Beschwerde- und Beschwerderichtlinie von Human1st spiegelt unser Engagement f\u00fcr den Aufbau einer menschenfreundlichen Organisation wider, in der jeder Mensch mit Unterst\u00fctzung und Respekt f\u00fcr seine Rechte rechnen kann. Wir m\u00f6chten sicherstellen, dass alle Beschwerden auf faire und konstruktive Weise gel\u00f6st werden und dass die daraus gezogenen Lehren zur Entwicklung und Verbesserung unseres Unternehmens [&hellip;]\" \/>\n<meta property=\"og:url\" content=\"https:\/\/human1st.eu\/de\/human1st-beschwerdepolitik\/\" \/>\n<meta property=\"og:site_name\" content=\"Human1st\" \/>\n<meta property=\"article:modified_time\" content=\"2024-11-25T20:23:26+00:00\" \/>\n<meta name=\"twitter:card\" content=\"summary_large_image\" \/>\n<meta name=\"twitter:label1\" content=\"Gesch\u00e4tzte Lesezeit\" \/>\n\t<meta name=\"twitter:data1\" content=\"3\u00a0Minuten\" \/>\n<script type=\"application\/ld+json\" class=\"yoast-schema-graph\">{\"@context\":\"https:\/\/schema.org\",\"@graph\":[{\"@type\":\"WebPage\",\"@id\":\"https:\/\/human1st.eu\/de\/human1st-beschwerdepolitik\/\",\"url\":\"https:\/\/human1st.eu\/de\/human1st-beschwerdepolitik\/\",\"name\":\"Human1st Beschwerdepolitik - Human1st\",\"isPartOf\":{\"@id\":\"https:\/\/human1st.eu\/de\/#website\"},\"datePublished\":\"2024-10-30T11:49:36+00:00\",\"dateModified\":\"2024-11-25T20:23:26+00:00\",\"breadcrumb\":{\"@id\":\"https:\/\/human1st.eu\/de\/human1st-beschwerdepolitik\/#breadcrumb\"},\"inLanguage\":\"de\",\"potentialAction\":[{\"@type\":\"ReadAction\",\"target\":[\"https:\/\/human1st.eu\/de\/human1st-beschwerdepolitik\/\"]}]},{\"@type\":\"BreadcrumbList\",\"@id\":\"https:\/\/human1st.eu\/de\/human1st-beschwerdepolitik\/#breadcrumb\",\"itemListElement\":[{\"@type\":\"ListItem\",\"position\":1,\"name\":\"Homepage\",\"item\":\"https:\/\/human1st.eu\/de\/\"},{\"@type\":\"ListItem\",\"position\":2,\"name\":\"Human1st Beschwerdepolitik\"}]},{\"@type\":\"WebSite\",\"@id\":\"https:\/\/human1st.eu\/de\/#website\",\"url\":\"https:\/\/human1st.eu\/de\/\",\"name\":\"Human1st\",\"description\":\"Agencja pracy\",\"potentialAction\":[{\"@type\":\"SearchAction\",\"target\":{\"@type\":\"EntryPoint\",\"urlTemplate\":\"https:\/\/human1st.eu\/de\/?s={search_term_string}\"},\"query-input\":{\"@type\":\"PropertyValueSpecification\",\"valueRequired\":true,\"valueName\":\"search_term_string\"}}],\"inLanguage\":\"de\"}]}<\/script>\n<!-- \/ Yoast SEO plugin. -->","yoast_head_json":{"title":"Human1st Beschwerdepolitik - Human1st","robots":{"index":"index","follow":"follow","max-snippet":"max-snippet:-1","max-image-preview":"max-image-preview:large","max-video-preview":"max-video-preview:-1"},"canonical":"https:\/\/human1st.eu\/de\/human1st-beschwerdepolitik\/","og_locale":"de_DE","og_type":"article","og_title":"Human1st Beschwerdepolitik - Human1st","og_description":"Human1st-Beschwerdepolitik Die Beschwerde- und Beschwerderichtlinie von Human1st spiegelt unser Engagement f\u00fcr den Aufbau einer menschenfreundlichen Organisation wider, in der jeder Mensch mit Unterst\u00fctzung und Respekt f\u00fcr seine Rechte rechnen kann. Wir m\u00f6chten sicherstellen, dass alle Beschwerden auf faire und konstruktive Weise gel\u00f6st werden und dass die daraus gezogenen Lehren zur Entwicklung und Verbesserung unseres Unternehmens [&hellip;]","og_url":"https:\/\/human1st.eu\/de\/human1st-beschwerdepolitik\/","og_site_name":"Human1st","article_modified_time":"2024-11-25T20:23:26+00:00","twitter_card":"summary_large_image","twitter_misc":{"Gesch\u00e4tzte Lesezeit":"3\u00a0Minuten"},"schema":{"@context":"https:\/\/schema.org","@graph":[{"@type":"WebPage","@id":"https:\/\/human1st.eu\/de\/human1st-beschwerdepolitik\/","url":"https:\/\/human1st.eu\/de\/human1st-beschwerdepolitik\/","name":"Human1st Beschwerdepolitik - Human1st","isPartOf":{"@id":"https:\/\/human1st.eu\/de\/#website"},"datePublished":"2024-10-30T11:49:36+00:00","dateModified":"2024-11-25T20:23:26+00:00","breadcrumb":{"@id":"https:\/\/human1st.eu\/de\/human1st-beschwerdepolitik\/#breadcrumb"},"inLanguage":"de","potentialAction":[{"@type":"ReadAction","target":["https:\/\/human1st.eu\/de\/human1st-beschwerdepolitik\/"]}]},{"@type":"BreadcrumbList","@id":"https:\/\/human1st.eu\/de\/human1st-beschwerdepolitik\/#breadcrumb","itemListElement":[{"@type":"ListItem","position":1,"name":"Homepage","item":"https:\/\/human1st.eu\/de\/"},{"@type":"ListItem","position":2,"name":"Human1st Beschwerdepolitik"}]},{"@type":"WebSite","@id":"https:\/\/human1st.eu\/de\/#website","url":"https:\/\/human1st.eu\/de\/","name":"Human1st","description":"Agencja pracy","potentialAction":[{"@type":"SearchAction","target":{"@type":"EntryPoint","urlTemplate":"https:\/\/human1st.eu\/de\/?s={search_term_string}"},"query-input":{"@type":"PropertyValueSpecification","valueRequired":true,"valueName":"search_term_string"}}],"inLanguage":"de"}]}},"_links":{"self":[{"href":"https:\/\/human1st.eu\/de\/wp-json\/wp\/v2\/pages\/4078","targetHints":{"allow":["GET"]}}],"collection":[{"href":"https:\/\/human1st.eu\/de\/wp-json\/wp\/v2\/pages"}],"about":[{"href":"https:\/\/human1st.eu\/de\/wp-json\/wp\/v2\/types\/page"}],"author":[{"embeddable":true,"href":"https:\/\/human1st.eu\/de\/wp-json\/wp\/v2\/users\/1"}],"replies":[{"embeddable":true,"href":"https:\/\/human1st.eu\/de\/wp-json\/wp\/v2\/comments?post=4078"}],"version-history":[{"count":1,"href":"https:\/\/human1st.eu\/de\/wp-json\/wp\/v2\/pages\/4078\/revisions"}],"predecessor-version":[{"id":4080,"href":"https:\/\/human1st.eu\/de\/wp-json\/wp\/v2\/pages\/4078\/revisions\/4080"}],"wp:attachment":[{"href":"https:\/\/human1st.eu\/de\/wp-json\/wp\/v2\/media?parent=4078"}],"curies":[{"name":"wp","href":"https:\/\/api.w.org\/{rel}","templated":true}]}}