{"id":4070,"date":"2024-10-30T12:49:36","date_gmt":"2024-10-30T11:49:36","guid":{"rendered":"https:\/\/human1st.eu\/politica-de-reclamaciones-de-human1st\/"},"modified":"2024-11-25T21:23:26","modified_gmt":"2024-11-25T20:23:26","slug":"politica-de-reclamaciones-de-human1st","status":"publish","type":"page","link":"https:\/\/human1st.eu\/es\/politica-de-reclamaciones-de-human1st\/","title":{"rendered":"Pol\u00edtica de reclamaciones de Human1st"},"content":{"rendered":"\t\t<div data-elementor-type=\"wp-page\" data-elementor-id=\"4070\" class=\"elementor elementor-4070 elementor-1338\" data-elementor-post-type=\"page\">\n\t\t\t\t<div class=\"elementor-element elementor-element-7b484b3 e-flex e-con-boxed e-con e-parent\" data-id=\"7b484b3\" data-element_type=\"container\" data-settings=\"{&quot;background_background&quot;:&quot;classic&quot;}\">\n\t\t\t\t\t<div class=\"e-con-inner\">\n\t\t\t\t<div class=\"elementor-element elementor-element-fef30dc elementor-align-center elementor-widget__width-inherit elementor-widget elementor-widget-breadcrumbs\" data-id=\"fef30dc\" data-element_type=\"widget\" data-widget_type=\"breadcrumbs.default\">\n\t\t\t\t<div class=\"elementor-widget-container\">\n\t\t\t<p id=\"breadcrumbs\"><span><span><a href=\"https:\/\/human1st.eu\/es\/\">P\u00e1gina de inicio<\/a><\/span><\/span><\/p>\t\t<\/div>\n\t\t\t\t<\/div>\n\t\t\t\t\t<\/div>\n\t\t\t\t<\/div>\n\t\t<div class=\"elementor-element elementor-element-77d186d e-flex e-con-boxed e-con e-parent\" data-id=\"77d186d\" data-element_type=\"container\">\n\t\t\t\t\t<div class=\"e-con-inner\">\n\t\t\t\t<div class=\"elementor-element elementor-element-7c5813f elementor-widget elementor-widget-text-editor\" data-id=\"7c5813f\" data-element_type=\"widget\" data-widget_type=\"text-editor.default\">\n\t\t\t\t<div class=\"elementor-widget-container\">\n\t\t\t\t\t\t\t<p><strong>Pol\u00edtica de reclamaciones de Human1st<\/strong><\/p>\n<p>La Pol\u00edtica de Quejas y Reclamaciones de <strong>Human1st<\/strong> refleja nuestro compromiso de construir una organizaci\u00f3n respetuosa con las personas, en la que cada persona pueda contar con apoyo y respeto a sus derechos. Queremos garantizar que todas las quejas se resuelven de forma justa y constructiva y que las lecciones aprendidas contribuyen al desarrollo y mejora de nuestra empresa. <\/p>\n<ol type=\"a\">\n<li><strong>&nbsp;Finalidad y \u00e1mbito de aplicaci\u00f3n de la pol\u00edtica<\/strong>La Pol\u00edtica de Reclamaciones de Human1st pretende garantizar un proceso transparente y justo para gestionar las quejas y reclamaciones que afecten a la calidad de nuestros servicios y relaciones internas. Se aplica a todos los empleados, clientes y candidatos, y pretende fomentar una relaci\u00f3n laboral positiva basada en la confianza.<strong><\/strong> <\/li>\n<li><strong>&nbsp;Pol\u00edtica de<\/strong>quejas <strong>y reclamaciones<\/strong>Human1st acepta quejas sobre cuestiones como la calidad de los servicios de contrataci\u00f3n, la comunicaci\u00f3n, la \u00e9tica profesional, las condiciones de trabajo y el comportamiento de los empleados. Cada cuesti\u00f3n planteada se trata respetando la privacidad y la confidencialidad, y con ello pretendemos llegar a una soluci\u00f3n satisfactoria.<strong><\/strong> <\/li>\n<li><strong>Proceso de reclamaci\u00f3n<\/strong><br>\n<ol type=\"a\">\n<li><strong>&nbsp;Presentar una queja<\/strong>Las quejas y reclamaciones pueden presentarse por escrito, por correo electr\u00f3nico, por tel\u00e9fono o en persona. Preferimos las presentaciones por escrito para permitir la plena comprensi\u00f3n del problema y facilitar la documentaci\u00f3n posterior.<strong><\/strong> <\/li>\n<li><strong>&nbsp;Acuse de<\/strong>recibo Tras la recepci\u00f3n de una queja, Human1st acusa recibo en un plazo de 3 d\u00edas laborables e informa al demandante de los siguientes pasos, el tiempo de tramitaci\u00f3n previsto y la persona responsable de supervisar el proceso.<strong><\/strong><\/li>\n<li><strong>&nbsp;An\u00e1lisis y tramitaci\u00f3n de la denuncia<\/strong>Cada denuncia es analizada por un miembro designado del equipo, que garantiza que el proceso sea objetivo y transparente. En caso necesario, el equipo puede ponerse en contacto con el denunciante para obtener informaci\u00f3n adicional.<strong><\/strong> <\/li>\n<li><strong>&nbsp;Toma de decisiones<\/strong>Se tomar\u00e1 una decisi\u00f3n en el plazo de 14 d\u00edas laborables a partir de la recepci\u00f3n de la reclamaci\u00f3n, y en los casos m\u00e1s complejos el plazo podr\u00e1 ampliarse tras informar previamente al solicitante.<strong><\/strong><\/li>\n<li><strong>&nbsp;Respuesta y cierre de la queja<\/strong>Una vez finalizado el proceso, Human1st env\u00eda una respuesta oficial al demandante, que incluye informaci\u00f3n sobre la decisi\u00f3n y las medidas correctoras adoptadas. En caso de insatisfacci\u00f3n, el denunciante puede solicitar una reconsideraci\u00f3n.<strong><\/strong> <\/li>\n<\/ol>\n<\/li>\n<li><strong>&nbsp;Acciones correc<\/strong>tivas y <strong>preventivas<\/strong>Bas\u00e1ndose en el an\u00e1lisis de las quejas, Human1st pone en marcha acciones correctivas y preventivas adecuadas para evitar situaciones similares en el futuro. Estas acciones incluyen cambios en los procedimientos, formaci\u00f3n del personal y seguimiento peri\u00f3dico de los problemas denunciados.<strong><\/strong> <\/li>\n<li><strong>&nbsp;Confidencialidad y seguridad de la informaci\u00f3n<\/strong>Toda la informaci\u00f3n contenida en las reclamaciones se trata de forma confidencial y de acuerdo con los principios de la DPA para proteger la privacidad de los reclamantes y garantizar un proceso seguro.<strong><\/strong><\/li>\n<li><strong>&nbsp;Seguimiento y evaluaci\u00f3n del proceso de reclamaciones<\/strong>Human1st analiza peri\u00f3dicamente los datos sobre reclamaciones para identificar \u00e1reas de mejora. Una vez al a\u00f1o, publicamos un informe que resume los datos sobre el n\u00famero de reclamaciones, las medidas adoptadas y los cambios realizados, lo que nos permite mejorar continuamente la calidad del servicio prestado.<strong><\/strong> <\/li>\n<\/ol>\t\t\t\t\t\t<\/div>\n\t\t\t\t<\/div>\n\t\t\t\t\t<\/div>\n\t\t\t\t<\/div>\n\t\t\t\t<\/div>\n\t\t","protected":false},"excerpt":{"rendered":"<p>Pol\u00edtica de reclamaciones de Human1st La Pol\u00edtica de Quejas y Reclamaciones de Human1st refleja nuestro compromiso de construir una organizaci\u00f3n respetuosa con las personas, en la que cada persona pueda contar con apoyo y respeto a sus derechos. Queremos garantizar que todas las quejas se resuelven de forma justa y constructiva y que las lecciones [&hellip;]<\/p>\n","protected":false},"author":1,"featured_media":0,"parent":0,"menu_order":0,"comment_status":"closed","ping_status":"closed","template":"elementor_header_footer","meta":{"inline_featured_image":false,"footnotes":""},"class_list":["post-4070","page","type-page","status-publish","hentry"],"yoast_head":"<!-- This site is optimized with the Yoast SEO plugin v24.6 - https:\/\/yoast.com\/wordpress\/plugins\/seo\/ -->\n<title>Pol\u00edtica de reclamaciones de Human1st - Human1st<\/title>\n<meta name=\"robots\" content=\"index, follow, max-snippet:-1, max-image-preview:large, max-video-preview:-1\" \/>\n<link rel=\"canonical\" href=\"https:\/\/human1st.eu\/es\/politica-de-reclamaciones-de-human1st\/\" \/>\n<meta property=\"og:locale\" content=\"es_ES\" \/>\n<meta property=\"og:type\" content=\"article\" \/>\n<meta property=\"og:title\" content=\"Pol\u00edtica de reclamaciones de Human1st - Human1st\" \/>\n<meta property=\"og:description\" content=\"Pol\u00edtica de reclamaciones de Human1st La Pol\u00edtica de Quejas y Reclamaciones de Human1st refleja nuestro compromiso de construir una organizaci\u00f3n respetuosa con las personas, en la que cada persona pueda contar con apoyo y respeto a sus derechos. Queremos garantizar que todas las quejas se resuelven de forma justa y constructiva y que las lecciones [&hellip;]\" \/>\n<meta property=\"og:url\" content=\"https:\/\/human1st.eu\/es\/politica-de-reclamaciones-de-human1st\/\" \/>\n<meta property=\"og:site_name\" content=\"Human1st\" \/>\n<meta property=\"article:modified_time\" content=\"2024-11-25T20:23:26+00:00\" \/>\n<meta name=\"twitter:card\" content=\"summary_large_image\" \/>\n<meta name=\"twitter:label1\" content=\"Tiempo de lectura\" \/>\n\t<meta name=\"twitter:data1\" content=\"3 minutos\" \/>\n<script type=\"application\/ld+json\" class=\"yoast-schema-graph\">{\"@context\":\"https:\/\/schema.org\",\"@graph\":[{\"@type\":\"WebPage\",\"@id\":\"https:\/\/human1st.eu\/es\/politica-de-reclamaciones-de-human1st\/\",\"url\":\"https:\/\/human1st.eu\/es\/politica-de-reclamaciones-de-human1st\/\",\"name\":\"Pol\u00edtica de reclamaciones de Human1st - Human1st\",\"isPartOf\":{\"@id\":\"https:\/\/human1st.eu\/es\/#website\"},\"datePublished\":\"2024-10-30T11:49:36+00:00\",\"dateModified\":\"2024-11-25T20:23:26+00:00\",\"breadcrumb\":{\"@id\":\"https:\/\/human1st.eu\/es\/politica-de-reclamaciones-de-human1st\/#breadcrumb\"},\"inLanguage\":\"es\",\"potentialAction\":[{\"@type\":\"ReadAction\",\"target\":[\"https:\/\/human1st.eu\/es\/politica-de-reclamaciones-de-human1st\/\"]}]},{\"@type\":\"BreadcrumbList\",\"@id\":\"https:\/\/human1st.eu\/es\/politica-de-reclamaciones-de-human1st\/#breadcrumb\",\"itemListElement\":[{\"@type\":\"ListItem\",\"position\":1,\"name\":\"P\u00e1gina de inicio\",\"item\":\"https:\/\/human1st.eu\/es\/\"},{\"@type\":\"ListItem\",\"position\":2,\"name\":\"Pol\u00edtica de reclamaciones de Human1st\"}]},{\"@type\":\"WebSite\",\"@id\":\"https:\/\/human1st.eu\/es\/#website\",\"url\":\"https:\/\/human1st.eu\/es\/\",\"name\":\"Human1st\",\"description\":\"Agencja pracy\",\"potentialAction\":[{\"@type\":\"SearchAction\",\"target\":{\"@type\":\"EntryPoint\",\"urlTemplate\":\"https:\/\/human1st.eu\/es\/?s={search_term_string}\"},\"query-input\":{\"@type\":\"PropertyValueSpecification\",\"valueRequired\":true,\"valueName\":\"search_term_string\"}}],\"inLanguage\":\"es\"}]}<\/script>\n<!-- \/ Yoast SEO plugin. -->","yoast_head_json":{"title":"Pol\u00edtica de reclamaciones de Human1st - Human1st","robots":{"index":"index","follow":"follow","max-snippet":"max-snippet:-1","max-image-preview":"max-image-preview:large","max-video-preview":"max-video-preview:-1"},"canonical":"https:\/\/human1st.eu\/es\/politica-de-reclamaciones-de-human1st\/","og_locale":"es_ES","og_type":"article","og_title":"Pol\u00edtica de reclamaciones de Human1st - Human1st","og_description":"Pol\u00edtica de reclamaciones de Human1st La Pol\u00edtica de Quejas y Reclamaciones de Human1st refleja nuestro compromiso de construir una organizaci\u00f3n respetuosa con las personas, en la que cada persona pueda contar con apoyo y respeto a sus derechos. Queremos garantizar que todas las quejas se resuelven de forma justa y constructiva y que las lecciones [&hellip;]","og_url":"https:\/\/human1st.eu\/es\/politica-de-reclamaciones-de-human1st\/","og_site_name":"Human1st","article_modified_time":"2024-11-25T20:23:26+00:00","twitter_card":"summary_large_image","twitter_misc":{"Tiempo de lectura":"3 minutos"},"schema":{"@context":"https:\/\/schema.org","@graph":[{"@type":"WebPage","@id":"https:\/\/human1st.eu\/es\/politica-de-reclamaciones-de-human1st\/","url":"https:\/\/human1st.eu\/es\/politica-de-reclamaciones-de-human1st\/","name":"Pol\u00edtica de reclamaciones de Human1st - Human1st","isPartOf":{"@id":"https:\/\/human1st.eu\/es\/#website"},"datePublished":"2024-10-30T11:49:36+00:00","dateModified":"2024-11-25T20:23:26+00:00","breadcrumb":{"@id":"https:\/\/human1st.eu\/es\/politica-de-reclamaciones-de-human1st\/#breadcrumb"},"inLanguage":"es","potentialAction":[{"@type":"ReadAction","target":["https:\/\/human1st.eu\/es\/politica-de-reclamaciones-de-human1st\/"]}]},{"@type":"BreadcrumbList","@id":"https:\/\/human1st.eu\/es\/politica-de-reclamaciones-de-human1st\/#breadcrumb","itemListElement":[{"@type":"ListItem","position":1,"name":"P\u00e1gina de inicio","item":"https:\/\/human1st.eu\/es\/"},{"@type":"ListItem","position":2,"name":"Pol\u00edtica de reclamaciones de Human1st"}]},{"@type":"WebSite","@id":"https:\/\/human1st.eu\/es\/#website","url":"https:\/\/human1st.eu\/es\/","name":"Human1st","description":"Agencja pracy","potentialAction":[{"@type":"SearchAction","target":{"@type":"EntryPoint","urlTemplate":"https:\/\/human1st.eu\/es\/?s={search_term_string}"},"query-input":{"@type":"PropertyValueSpecification","valueRequired":true,"valueName":"search_term_string"}}],"inLanguage":"es"}]}},"_links":{"self":[{"href":"https:\/\/human1st.eu\/es\/wp-json\/wp\/v2\/pages\/4070","targetHints":{"allow":["GET"]}}],"collection":[{"href":"https:\/\/human1st.eu\/es\/wp-json\/wp\/v2\/pages"}],"about":[{"href":"https:\/\/human1st.eu\/es\/wp-json\/wp\/v2\/types\/page"}],"author":[{"embeddable":true,"href":"https:\/\/human1st.eu\/es\/wp-json\/wp\/v2\/users\/1"}],"replies":[{"embeddable":true,"href":"https:\/\/human1st.eu\/es\/wp-json\/wp\/v2\/comments?post=4070"}],"version-history":[{"count":1,"href":"https:\/\/human1st.eu\/es\/wp-json\/wp\/v2\/pages\/4070\/revisions"}],"predecessor-version":[{"id":4073,"href":"https:\/\/human1st.eu\/es\/wp-json\/wp\/v2\/pages\/4070\/revisions\/4073"}],"wp:attachment":[{"href":"https:\/\/human1st.eu\/es\/wp-json\/wp\/v2\/media?parent=4070"}],"curies":[{"name":"wp","href":"https:\/\/api.w.org\/{rel}","templated":true}]}}