{"id":4074,"date":"2024-10-30T12:48:29","date_gmt":"2024-10-30T11:48:29","guid":{"rendered":"https:\/\/human1st.eu\/codigo-etico-de-human1st\/"},"modified":"2024-11-25T21:23:26","modified_gmt":"2024-11-25T20:23:26","slug":"codigo-etico-de-human1st","status":"publish","type":"page","link":"https:\/\/human1st.eu\/es\/codigo-etico-de-human1st\/","title":{"rendered":"C\u00f3digo \u00c9tico de Human1st"},"content":{"rendered":"\t\t<div data-elementor-type=\"wp-page\" data-elementor-id=\"4074\" class=\"elementor elementor-4074 elementor-1330\" data-elementor-post-type=\"page\">\n\t\t\t\t<div class=\"elementor-element elementor-element-7b484b3 e-flex e-con-boxed e-con e-parent\" data-id=\"7b484b3\" data-element_type=\"container\" data-settings=\"{&quot;background_background&quot;:&quot;classic&quot;}\">\n\t\t\t\t\t<div class=\"e-con-inner\">\n\t\t\t\t<div class=\"elementor-element elementor-element-fef30dc elementor-align-center elementor-widget__width-inherit elementor-widget elementor-widget-breadcrumbs\" data-id=\"fef30dc\" data-element_type=\"widget\" data-widget_type=\"breadcrumbs.default\">\n\t\t\t\t<div class=\"elementor-widget-container\">\n\t\t\t<p id=\"breadcrumbs\"><span><span><a href=\"https:\/\/human1st.eu\/es\/\">P\u00e1gina de inicio<\/a><\/span><\/span><\/p>\t\t<\/div>\n\t\t\t\t<\/div>\n\t\t\t\t\t<\/div>\n\t\t\t\t<\/div>\n\t\t<div class=\"elementor-element elementor-element-77d186d e-flex e-con-boxed e-con e-parent\" data-id=\"77d186d\" data-element_type=\"container\">\n\t\t\t\t\t<div class=\"e-con-inner\">\n\t\t\t\t<div class=\"elementor-element elementor-element-7c5813f elementor-widget elementor-widget-text-editor\" data-id=\"7c5813f\" data-element_type=\"widget\" data-widget_type=\"text-editor.default\">\n\t\t\t\t<div class=\"elementor-widget-container\">\n\t\t\t\t\t\t\t<p><strong>C\u00f3digo \u00c9tico de Human1st<\/strong><\/p>\n<p>El C\u00f3digo \u00c9tico <strong>de Human1st<\/strong> es un compromiso con nuestros empleados, clientes y la sociedad. Creemos que nuestras acciones tienen un impacto real en las personas y en la sociedad, por lo que seguimos sistem\u00e1ticamente nuestros valores para crear una empresa que se preocupe por las personas, establezca relaciones basadas en la confianza y promueva la equidad y el respeto. <\/p>\n<ol type=\"a\">\n<li><strong>Nuestros valores<\/strong>\n<p><strong>Human1st<\/strong> se compromete a construir un entorno de trabajo que respete y apoye a cada individuo. Nuestro enfoque siempre da prioridad a las personas, tanto a los empleados como a los clientes. Nuestro c\u00f3digo \u00e9tico se basa en valores que contribuyen a crear una organizaci\u00f3n de confianza, respetada y \u00e9tica.  <\/p>\n<\/li>\n<li><strong>Respeto a todo ser humano<\/strong>\n<p>El respeto es la base de nuestro trabajo. En Human 1st, todas las personas, independientemente de su funci\u00f3n, son tratadas con dignidad y amabilidad. Rechazamos cualquier forma de discriminaci\u00f3n por raz\u00f3n de sexo, edad, origen, orientaci\u00f3n sexual, religi\u00f3n o situaci\u00f3n econ\u00f3mica. Todos los empleados y candidatos tienen las mismas oportunidades de desarrollarse y de que se valore su contribuci\u00f3n.   <\/p>\n<\/li>\n<li><strong>Integridad y transparencia<\/strong>\n<p>Nos esforzamos por lograr una transparencia total en nuestras comunicaciones y operaciones. Comunicamos la informaci\u00f3n de forma clara, honesta y sin manipulaciones, tanto interna como externamente. Nos centramos en la verdad y la integridad, creando una empresa cre\u00edble basada en relaciones fiables.  <\/p>\n<\/li>\n<li><strong>Responsabilidad social y medioambiental<\/strong>\n<p>El Human 1st apoya activamente el desarrollo sostenible y participa en proyectos sociales y medioambientales. Nos adherimos a los principios de la Oficina Verde y nuestras actividades se centran en el uso responsable de los recursos naturales. Tambi\u00e9n promovemos acciones socialmente responsables entre nuestros socios comerciales y clientes.  <\/p>\n<\/li>\n<li><strong>Profesionalidad y servicio de alta calidad<\/strong>\n<p>Nuestro objetivo es prestar servicios de la m\u00e1xima calidad que contribuyan al \u00e9xito a largo plazo de nuestros clientes y candidatos. La profesionalidad y la responsabilidad de nuestras acciones son fundamentales para nosotros. El equipo de Human 1st actualiza peri\u00f3dicamente sus cualificaciones para satisfacer las crecientes demandas del mercado y las expectativas de los clientes.  <\/p>\n<\/li>\n<li><strong>Confidencialidad y seguridad de los datos<\/strong>\n<p>Nos comprometemos a proteger la privacidad y los datos personales de nuestros empleados, candidatos y clientes. Cumplimos la legislaci\u00f3n vigente sobre protecci\u00f3n de datos, como RODO, y aplicamos las normas de seguridad m\u00e1s estrictas para garantizar que la informaci\u00f3n se mantiene totalmente confidencial y segura. <\/p>\n<\/li>\n<li><strong>Abordar los conflictos de intereses<\/strong>\n<p>Todos los miembros de Human 1st deben evitar situaciones que puedan dar lugar a un conflicto de intereses. Los empleados no deben participar en actividades que puedan socavar la confianza o da\u00f1ar la reputaci\u00f3n de la empresa. Si surgen posibles conflictos de intereses, deben comunicarlo inmediatamente a su supervisor.  <\/p>\n<\/li>\n<li><strong>Apertura y cooperaci\u00f3n<\/strong>\n<p>Creamos un entorno que fomenta el intercambio abierto de ideas, la colaboraci\u00f3n y el apoyo mutuo. Fomentamos el di\u00e1logo abierto y la expresi\u00f3n de opiniones en un ambiente de respeto mutuo, que favorezca el desarrollo de toda la organizaci\u00f3n y de sus miembros. <\/p>\n<\/li>\n<li><strong>Desarrollo y mejora<\/strong>\n<p>Human 1st apoya el desarrollo personal y profesional de sus empleados. Promovemos una cultura de mejora continua (Kaizen) e innovaci\u00f3n, creando un entorno de trabajo en el que todos puedan desarrollar sus capacidades y alcanzar sus ambiciones. <\/p>\n<\/li>\n<li><strong>Prevenci\u00f3n de la discriminaci\u00f3n y el acoso<\/strong>\n<p>Human 1st no tolera ninguna forma de discriminaci\u00f3n, acoso o intimidaci\u00f3n. Proporcionamos un lugar de trabajo seguro y agradable, libre de cualquier forma de abuso, y tomamos medidas firmes para responder a cualquier denuncia. <\/p>\n<\/li>\n<\/ol>\n\t\t\t\t\t\t<\/div>\n\t\t\t\t<\/div>\n\t\t\t\t\t<\/div>\n\t\t\t\t<\/div>\n\t\t\t\t<\/div>\n\t\t","protected":false},"excerpt":{"rendered":"<p>C\u00f3digo \u00c9tico de Human1st El C\u00f3digo \u00c9tico de Human1st es un compromiso con nuestros empleados, clientes y la sociedad. Creemos que nuestras acciones tienen un impacto real en las personas y en la sociedad, por lo que seguimos sistem\u00e1ticamente nuestros valores para crear una empresa que se preocupe por las personas, establezca relaciones basadas en [&hellip;]<\/p>\n","protected":false},"author":1,"featured_media":0,"parent":0,"menu_order":0,"comment_status":"closed","ping_status":"closed","template":"elementor_header_footer","meta":{"inline_featured_image":false,"footnotes":""},"class_list":["post-4074","page","type-page","status-publish","hentry"],"yoast_head":"<!-- This site is optimized with the Yoast SEO plugin v24.6 - https:\/\/yoast.com\/wordpress\/plugins\/seo\/ -->\n<title>C\u00f3digo \u00c9tico de Human1st - Human1st<\/title>\n<meta name=\"robots\" content=\"index, follow, max-snippet:-1, max-image-preview:large, max-video-preview:-1\" \/>\n<link rel=\"canonical\" href=\"https:\/\/human1st.eu\/es\/codigo-etico-de-human1st\/\" \/>\n<meta property=\"og:locale\" content=\"es_ES\" \/>\n<meta property=\"og:type\" content=\"article\" \/>\n<meta property=\"og:title\" content=\"C\u00f3digo \u00c9tico de Human1st - Human1st\" \/>\n<meta property=\"og:description\" content=\"C\u00f3digo \u00c9tico de Human1st El C\u00f3digo \u00c9tico de Human1st es un compromiso con nuestros empleados, clientes y la sociedad. Creemos que nuestras acciones tienen un impacto real en las personas y en la sociedad, por lo que seguimos sistem\u00e1ticamente nuestros valores para crear una empresa que se preocupe por las personas, establezca relaciones basadas en [&hellip;]\" \/>\n<meta property=\"og:url\" content=\"https:\/\/human1st.eu\/es\/codigo-etico-de-human1st\/\" \/>\n<meta property=\"og:site_name\" content=\"Human1st\" \/>\n<meta property=\"article:modified_time\" content=\"2024-11-25T20:23:26+00:00\" \/>\n<meta name=\"twitter:card\" content=\"summary_large_image\" \/>\n<meta name=\"twitter:label1\" content=\"Tiempo de lectura\" \/>\n\t<meta name=\"twitter:data1\" content=\"3 minutos\" \/>\n<script type=\"application\/ld+json\" class=\"yoast-schema-graph\">{\"@context\":\"https:\/\/schema.org\",\"@graph\":[{\"@type\":\"WebPage\",\"@id\":\"https:\/\/human1st.eu\/es\/codigo-etico-de-human1st\/\",\"url\":\"https:\/\/human1st.eu\/es\/codigo-etico-de-human1st\/\",\"name\":\"C\u00f3digo \u00c9tico de Human1st - Human1st\",\"isPartOf\":{\"@id\":\"https:\/\/human1st.eu\/es\/#website\"},\"datePublished\":\"2024-10-30T11:48:29+00:00\",\"dateModified\":\"2024-11-25T20:23:26+00:00\",\"breadcrumb\":{\"@id\":\"https:\/\/human1st.eu\/es\/codigo-etico-de-human1st\/#breadcrumb\"},\"inLanguage\":\"es\",\"potentialAction\":[{\"@type\":\"ReadAction\",\"target\":[\"https:\/\/human1st.eu\/es\/codigo-etico-de-human1st\/\"]}]},{\"@type\":\"BreadcrumbList\",\"@id\":\"https:\/\/human1st.eu\/es\/codigo-etico-de-human1st\/#breadcrumb\",\"itemListElement\":[{\"@type\":\"ListItem\",\"position\":1,\"name\":\"P\u00e1gina de inicio\",\"item\":\"https:\/\/human1st.eu\/es\/\"},{\"@type\":\"ListItem\",\"position\":2,\"name\":\"C\u00f3digo \u00c9tico de Human1st\"}]},{\"@type\":\"WebSite\",\"@id\":\"https:\/\/human1st.eu\/es\/#website\",\"url\":\"https:\/\/human1st.eu\/es\/\",\"name\":\"Human1st\",\"description\":\"Agencja pracy\",\"potentialAction\":[{\"@type\":\"SearchAction\",\"target\":{\"@type\":\"EntryPoint\",\"urlTemplate\":\"https:\/\/human1st.eu\/es\/?s={search_term_string}\"},\"query-input\":{\"@type\":\"PropertyValueSpecification\",\"valueRequired\":true,\"valueName\":\"search_term_string\"}}],\"inLanguage\":\"es\"}]}<\/script>\n<!-- \/ Yoast SEO plugin. -->","yoast_head_json":{"title":"C\u00f3digo \u00c9tico de Human1st - Human1st","robots":{"index":"index","follow":"follow","max-snippet":"max-snippet:-1","max-image-preview":"max-image-preview:large","max-video-preview":"max-video-preview:-1"},"canonical":"https:\/\/human1st.eu\/es\/codigo-etico-de-human1st\/","og_locale":"es_ES","og_type":"article","og_title":"C\u00f3digo \u00c9tico de Human1st - Human1st","og_description":"C\u00f3digo \u00c9tico de Human1st El C\u00f3digo \u00c9tico de Human1st es un compromiso con nuestros empleados, clientes y la sociedad. Creemos que nuestras acciones tienen un impacto real en las personas y en la sociedad, por lo que seguimos sistem\u00e1ticamente nuestros valores para crear una empresa que se preocupe por las personas, establezca relaciones basadas en [&hellip;]","og_url":"https:\/\/human1st.eu\/es\/codigo-etico-de-human1st\/","og_site_name":"Human1st","article_modified_time":"2024-11-25T20:23:26+00:00","twitter_card":"summary_large_image","twitter_misc":{"Tiempo de lectura":"3 minutos"},"schema":{"@context":"https:\/\/schema.org","@graph":[{"@type":"WebPage","@id":"https:\/\/human1st.eu\/es\/codigo-etico-de-human1st\/","url":"https:\/\/human1st.eu\/es\/codigo-etico-de-human1st\/","name":"C\u00f3digo \u00c9tico de Human1st - Human1st","isPartOf":{"@id":"https:\/\/human1st.eu\/es\/#website"},"datePublished":"2024-10-30T11:48:29+00:00","dateModified":"2024-11-25T20:23:26+00:00","breadcrumb":{"@id":"https:\/\/human1st.eu\/es\/codigo-etico-de-human1st\/#breadcrumb"},"inLanguage":"es","potentialAction":[{"@type":"ReadAction","target":["https:\/\/human1st.eu\/es\/codigo-etico-de-human1st\/"]}]},{"@type":"BreadcrumbList","@id":"https:\/\/human1st.eu\/es\/codigo-etico-de-human1st\/#breadcrumb","itemListElement":[{"@type":"ListItem","position":1,"name":"P\u00e1gina de inicio","item":"https:\/\/human1st.eu\/es\/"},{"@type":"ListItem","position":2,"name":"C\u00f3digo \u00c9tico de Human1st"}]},{"@type":"WebSite","@id":"https:\/\/human1st.eu\/es\/#website","url":"https:\/\/human1st.eu\/es\/","name":"Human1st","description":"Agencja pracy","potentialAction":[{"@type":"SearchAction","target":{"@type":"EntryPoint","urlTemplate":"https:\/\/human1st.eu\/es\/?s={search_term_string}"},"query-input":{"@type":"PropertyValueSpecification","valueRequired":true,"valueName":"search_term_string"}}],"inLanguage":"es"}]}},"_links":{"self":[{"href":"https:\/\/human1st.eu\/es\/wp-json\/wp\/v2\/pages\/4074","targetHints":{"allow":["GET"]}}],"collection":[{"href":"https:\/\/human1st.eu\/es\/wp-json\/wp\/v2\/pages"}],"about":[{"href":"https:\/\/human1st.eu\/es\/wp-json\/wp\/v2\/types\/page"}],"author":[{"embeddable":true,"href":"https:\/\/human1st.eu\/es\/wp-json\/wp\/v2\/users\/1"}],"replies":[{"embeddable":true,"href":"https:\/\/human1st.eu\/es\/wp-json\/wp\/v2\/comments?post=4074"}],"version-history":[{"count":1,"href":"https:\/\/human1st.eu\/es\/wp-json\/wp\/v2\/pages\/4074\/revisions"}],"predecessor-version":[{"id":4076,"href":"https:\/\/human1st.eu\/es\/wp-json\/wp\/v2\/pages\/4074\/revisions\/4076"}],"wp:attachment":[{"href":"https:\/\/human1st.eu\/es\/wp-json\/wp\/v2\/media?parent=4074"}],"curies":[{"name":"wp","href":"https:\/\/api.w.org\/{rel}","templated":true}]}}