{"id":4090,"date":"2024-10-28T18:23:11","date_gmt":"2024-10-28T17:23:11","guid":{"rendered":"https:\/\/human1st.eu\/politica-de-privacidad\/"},"modified":"2024-11-25T21:23:40","modified_gmt":"2024-11-25T20:23:40","slug":"politica-de-privacidad","status":"publish","type":"page","link":"https:\/\/human1st.eu\/es\/politica-de-privacidad\/","title":{"rendered":"Pol\u00edtica de privacidad"},"content":{"rendered":"\t\t<div data-elementor-type=\"wp-page\" data-elementor-id=\"4090\" class=\"elementor elementor-4090 elementor-1225\" data-elementor-post-type=\"page\">\n\t\t\t\t<div class=\"elementor-element elementor-element-7b484b3 e-flex e-con-boxed e-con e-parent\" data-id=\"7b484b3\" data-element_type=\"container\" data-settings=\"{&quot;background_background&quot;:&quot;classic&quot;}\">\n\t\t\t\t\t<div class=\"e-con-inner\">\n\t\t\t\t<div class=\"elementor-element elementor-element-fef30dc elementor-align-center elementor-widget__width-inherit elementor-widget elementor-widget-breadcrumbs\" data-id=\"fef30dc\" data-element_type=\"widget\" data-widget_type=\"breadcrumbs.default\">\n\t\t\t\t<div class=\"elementor-widget-container\">\n\t\t\t<p id=\"breadcrumbs\"><span><span><a href=\"https:\/\/human1st.eu\/es\/\">P\u00e1gina de inicio<\/a><\/span><\/span><\/p>\t\t<\/div>\n\t\t\t\t<\/div>\n\t\t\t\t\t<\/div>\n\t\t\t\t<\/div>\n\t\t<div class=\"elementor-element elementor-element-77d186d e-flex e-con-boxed e-con e-parent\" data-id=\"77d186d\" data-element_type=\"container\">\n\t\t\t\t\t<div class=\"e-con-inner\">\n\t\t\t\t<div class=\"elementor-element elementor-element-7c5813f elementor-widget elementor-widget-text-editor\" data-id=\"7c5813f\" data-element_type=\"widget\" data-widget_type=\"text-editor.default\">\n\t\t\t\t<div class=\"elementor-widget-container\">\n\t\t\t\t\t\t\t<p><strong>A. Informaci\u00f3n general<\/strong><\/p>\n<ul>\n<li>Esta pol\u00edtica se aplica al Sitio Web, que opera en la URL <strong>human1st.eu<\/strong><\/li>\n<li>El operador del servicio y administrador de los datos personales es DeMilla El\u017cbieta Martynowicz, Szczodrkowice 215, 32-043 Ska\u0142a<\/li>\n<li>Direcci\u00f3n de correo electr\u00f3nico de contacto del operador: elzbieta.martynowicz@gmail.com<\/li>\n<li>El Operador es el Administrador de tus datos personales con respecto a los datos que proporciones voluntariamente en el Sitio Web.<\/li>\n<li>El Servicio utiliza datos personales para los siguientes fines:\n<ol type=\"a\">\n<li>Dirigir un bolet\u00edn<\/li>\n<li>Ejecutar un sistema de comentarios<\/li>\n<li>Dirigir un foro online<\/li>\n<li>Mantener un chat en l\u00ednea<\/li>\n<li>Gestionar un sistema de anuncios clasificados<\/li>\n<li>Presentaci\u00f3n del perfil de usuario a otros usuarios<\/li>\n<li>Visualizaci\u00f3n de anuncios de usuario<\/li>\n<li>Tramitaci\u00f3n de consultas a trav\u00e9s del formulario<\/li>\n<li>Preparaci\u00f3n, embalaje, env\u00edo de mercanc\u00edas<\/li>\n<li>Prestaci\u00f3n de los servicios solicitados<\/li>\n<li>Cobro de deudas<\/li>\n<li>Presentaci\u00f3n de una oferta o informaci\u00f3n<\/li>\n<\/ol>\n<\/li>\n<li>El Servicio realiza funciones para obtener informaci\u00f3n sobre los usuarios y su comportamiento de las siguientes formas:\n<ol type=\"a\">\n<li>A trav\u00e9s de los datos introducidos voluntariamente en los formularios, que se introducen en los sistemas del Operador.<\/li>\n<li>Almacenando cookies (las llamadas \u00abcookies\u00bb) en los dispositivos finales.<\/li>\n<\/ol>\n<\/li>\n<\/ul>\n<p><strong>B. M\u00e9todos seleccionados de protecci\u00f3n de datos utilizados por el Operador<\/strong><\/p>\n<ul>\n<li>Las \u00e1reas de entrada de datos personales y de inicio de sesi\u00f3n est\u00e1n protegidas en la capa de transmisi\u00f3n (certificado SSL). Esto garantiza que los datos personales y de inicio de sesi\u00f3n est\u00e9n encriptados y s\u00f3lo puedan leerse en el servidor de destino. <\/li>\n<li>Los datos personales almacenados en la base de datos est\u00e1n encriptados para garantizar su seguridad en caso de que la base de datos sea robada del servidor.<\/li>\n<li>Las contrase\u00f1as de los usuarios se almacenan en forma de hash, lo que las hace imposibles de revertir.<\/li>\n<li>El sitio utiliza la autenticaci\u00f3n de dos factores como forma adicional de protecci\u00f3n de inicio de sesi\u00f3n.<\/li>\n<li>El operador cambia peri\u00f3dicamente sus contrase\u00f1as administrativas.<\/li>\n<li>El operador hace copias de seguridad peri\u00f3dicas.<\/li>\n<li>Un elemento importante de la protecci\u00f3n de datos es la actualizaci\u00f3n peri\u00f3dica del software utilizado para procesar datos personales.<\/li>\n<\/ul>\n<p><strong>C. Alojamiento<\/strong><\/p>\n<ul>\n<li>El servicio est\u00e1 alojado en los servidores de un operador externo.<\/li>\n<li>La empresa de alojamiento guarda registros a nivel de servidor, que pueden incluir:\n<ol type=\"a\">\n<li>Direcciones de los recursos solicitados (URL)<\/li>\n<li>Hora de llegada y env\u00edo de solicitudes<\/li>\n<li>Informaci\u00f3n sobre errores en la ejecuci\u00f3n de transacciones HTTP<\/li>\n<li>Direcciones IP<\/li>\n<\/ol>\n<\/li>\n<\/ul>\n<p><strong>D. Tus derechos e informaci\u00f3n adicional sobre c\u00f3mo se utilizar\u00e1n tus datos<\/strong><\/p>\n<ul>\n<li>Tienes derecho a:\n<ol type=\"a\">\n<li>Acceso a tus datos<\/li>\n<li>Corregir tus datos<\/li>\n<li>Supresi\u00f3n de datos<\/li>\n<li>Restricciones al tratamiento<\/li>\n<\/ol>\n<\/li>\n<li>Tienes derecho a presentar una reclamaci\u00f3n ante el Presidente de la Autoridad de Protecci\u00f3n de Datos.<\/li>\n<\/ul>\n<p><strong>E. Registros del administrador<\/strong><\/p>\n<ul>\n<li>La informaci\u00f3n sobre el comportamiento de los usuarios en el sitio web puede ser objeto de registro. Estos datos se utilizan para la administraci\u00f3n del sitio web. <\/li>\n<\/ul>\n<p><strong>F. T\u00e9cnicas de marketing pertinentes<\/strong><\/p>\n<ul>\n<li>El operador utiliza el an\u00e1lisis estad\u00edstico del tr\u00e1fico del sitio web mediante Google Analytics, sin transmitir datos personales, s\u00f3lo informaci\u00f3n anonimizada.<\/li>\n<li>El operador utiliza t\u00e9cnicas de remarketing para adaptar los anuncios al comportamiento de los usuarios.<\/li>\n<li>El operador utiliza el p\u00edxel de Facebook para personalizar los anuncios.<\/li>\n<li>El operador utiliza soluciones para estudiar el comportamiento de los usuarios, como mapas de calor y grabaciones del comportamiento en el sitio.<\/li>\n<\/ul>\n<p><strong>G. Informaci\u00f3n sobre cookies<\/strong><\/p>\n<ul>\n<li>El sitio web utiliza cookies para mantener las sesiones de usuario y para otros fines t\u00e9cnicos.<\/li>\n<li>Las cookies se dividen en \u00abde sesi\u00f3n\u00bb y \u00abpermanentes\u00bb y pueden ser gestionadas por el navegador del usuario.<\/li>\n<\/ul>\n<p><strong>H. Gesti\u00f3n de cookies: \u00bfc\u00f3mo dar y retirar el consentimiento en la pr\u00e1ctica?<\/strong><\/p>\n<ul>\n<li>Si no deseas recibir cookies, puedes cambiar la configuraci\u00f3n de tu navegador. Ten en cuenta que deshabilitar las cookies que son esenciales para los procesos de autenticaci\u00f3n, seguridad y mantenimiento de las preferencias del usuario puede dificultar, o en casos extremos imposibilitar, el uso del Sitio Web. <\/li>\n<li>Para gestionar tu configuraci\u00f3n de cookies, selecciona el navegador web que utilizas de la lista siguiente y sigue las instrucciones:\n<ul>\n<li><a href=\"https:\/\/support.microsoft.com\/pl-pl\/help\/10607\/microsoft-edge-view-delete-browser-history\">Arista<\/a><\/li>\n<li><a href=\"https:\/\/support.microsoft.com\/pl-pl\/help\/278835\/how-to-delete-cookie-files-in-internet-explorer\">Internet Explorer<\/a><\/li>\n<li><a href=\"http:\/\/support.google.com\/chrome\/bin\/answer.py?hl=pl&amp;answer=95647\">Cromo<\/a><\/li>\n<li><a href=\"http:\/\/support.apple.com\/kb\/PH5042\">Safari<\/a><\/li>\n<li><a href=\"http:\/\/support.mozilla.org\/pl\/kb\/W%C5%82%C4%85czanie%20i%20wy%C5%82%C4%85czanie%20obs%C5%82ugi%20ciasteczek\">Firefox<\/a><\/li>\n<li><a href=\"http:\/\/help.opera.com\/Windows\/12.10\/pl\/cookies.html\">\u00d3pera<\/a><\/li>\n<\/ul>\n<\/li>\n<li>En los dispositivos m\u00f3viles, puedes gestionar tu configuraci\u00f3n de cookies siguiendo las siguientes instrucciones:\n<ul>\n<li><a href=\"http:\/\/support.google.com\/chrome\/bin\/answer.py?hl=pl&amp;answer=95647\">Android<\/a><\/li>\n<li><a href=\"http:\/\/support.apple.com\/kb\/HT1677?viewlocale=pl_PL\">Safari (iOS)<\/a><\/li>\n<li><a href=\"http:\/\/www.windowsphone.com\/pl-pl\/how-to\/wp7\/web\/changing-privacy-and-other-browser-settings\">Windows Phone<\/a><\/li>\n<\/ul>\n<\/li>\n<\/ul>\n<p><strong>I. Informaci\u00f3n final<\/strong><\/p>\n<ul>\n<li>El Administrador se reserva el derecho a modificar la pol\u00edtica de privacidad del Sitio Web, que puede verse influida por la evoluci\u00f3n de la tecnolog\u00eda de Internet, los cambios en la legislaci\u00f3n sobre protecci\u00f3n de datos o el desarrollo del Sitio Web. Los usuarios ser\u00e1n informados de cualquier cambio de forma visible y comprensible. <\/li>\n<li>Si los usuarios tienen preguntas o dudas sobre la pol\u00edtica de privacidad, pueden ponerse en contacto con el Administrador utilizando la direcci\u00f3n de correo electr\u00f3nico facilitada en la Secci\u00f3n A.<\/li>\n<li>Fecha de la \u00faltima actualizaci\u00f3n de la pol\u00edtica de privacidad: <strong>01 de noviembre de 2024.<\/strong><\/li>\n<\/ul>\n<p><strong>Cl\u00e1usula de informaci\u00f3n Human1st<\/strong><\/p>\n<ul>\n<li><strong>Administrador de datos personales:<\/strong> El administrador de tus datos personales es Human1st Sp. z o.o. con domicilio social en Szczodrkowice 215, 32-043 Ska\u0142a. Para asuntos relacionados con la protecci\u00f3n de datos personales, puedes ponerte en contacto en la direcci\u00f3n de correo electr\u00f3nico <a href=\"mailto:info@human1st.eu\">info@human1st.eu.<\/a>  <\/li>\n<li><strong>Fines y fundamento del tratamiento de datos:<\/strong>\n<ul>\n<li>Ejecuci\u00f3n de procesos de contrataci\u00f3n sobre la base de tu consentimiento (Art. 6(1)(a) RODO).<\/li>\n<li>Establecimiento de una cooperaci\u00f3n en el marco de un contrato o prestaci\u00f3n de servicios (art\u00edculo 6.1.b) de la DPA).<\/li>\n<li>Cumplimiento de obligaciones legales que incumben al responsable del tratamiento, por ejemplo, llevar la contabilidad o informar de los empleados a la Seguridad Social (art\u00edculo 6, apartado 1, letra c), de la DPA).<\/li>\n<li>Cumplimiento de intereses leg\u00edtimos, como garantizar la seguridad de la informaci\u00f3n, establecer o defender reclamaciones (Art. 6(1)(f) RODO).<\/li>\n<\/ul>\n<\/li>\n<li><strong>Destinatarios de los datos:<\/strong> Tus datos personales pueden ser transferidos a entidades que cooperan con Human1st, incluidos proveedores de servicios inform\u00e1ticos, empresas de contabilidad, bufetes de abogados y socios de procesos de contrataci\u00f3n, en la medida necesaria para cumplir nuestros fines.<\/li>\n<li><strong>Periodo de conservaci\u00f3n de los datos:<\/strong>\n<ul>\n<li>No m\u00e1s de 12 meses en el caso de los datos de contrataci\u00f3n, a menos que hayas dado tu consentimiento para que se sigan almacenando.<\/li>\n<li>Resultantes de la legislaci\u00f3n en el caso de datos necesarios para cumplir obligaciones legales (por ejemplo, contabilidad).<\/li>\n<li>Hasta la expiraci\u00f3n de nuestros intereses leg\u00edtimos, como la presentaci\u00f3n de reclamaciones.<\/li>\n<\/ul>\n<\/li>\n<li><strong>Derechos de los interesados:<\/strong>\n<ul>\n<li>Derecho a acceder y recibir una copia de tus datos personales.<\/li>\n<li>Derecho a rectificar, completar o suprimir los datos personales.<\/li>\n<li>Derecho a restringir el tratamiento de datos.<\/li>\n<li>Derecho a la portabilidad de datos a otro responsable del tratamiento.<\/li>\n<li>Derecho a oponerse al tratamiento sobre la base de los intereses leg\u00edtimos del responsable del tratamiento.<\/li>\n<li>El derecho a retirar el consentimiento al tratamiento de datos en cualquier momento (sin que ello afecte a la legalidad del tratamiento que tuvo lugar antes de la retirada).<\/li>\n<li>Derecho a presentar una reclamaci\u00f3n ante el Presidente de la Autoridad de Protecci\u00f3n de Datos Personales (PUODO).<\/li>\n<\/ul>\n<\/li>\n<li><strong>Transferencias de datos fuera del EEE:<\/strong> Tus datos personales no se transferir\u00e1n a pa\u00edses fuera del Espacio Econ\u00f3mico Europeo (EEE) a menos que se tomen las medidas de protecci\u00f3n adecuadas de acuerdo con las disposiciones del RODO.<\/li>\n<li><strong>Voluntariedad del suministro de datos:<\/strong> El suministro de datos personales es voluntario, pero su omisi\u00f3n puede impedir el cumplimiento de objetivos, como la participaci\u00f3n en procesos de contrataci\u00f3n o la celebraci\u00f3n de un contrato.<\/li>\n<li>Si tienes alguna pregunta o duda sobre el tratamiento de tus datos personales, ponte en contacto con nosotros por correo electr\u00f3nico en: <a href=\"mailto:info@human1st.eu\">info@human1st.eu.<\/a><\/li>\n<\/ul>\n\t\t\t\t\t\t<\/div>\n\t\t\t\t<\/div>\n\t\t\t\t\t<\/div>\n\t\t\t\t<\/div>\n\t\t\t\t<\/div>\n\t\t","protected":false},"excerpt":{"rendered":"<p>A. Informaci\u00f3n general Esta pol\u00edtica se aplica al Sitio Web, que opera en la URL human1st.eu El operador del servicio y administrador de los datos personales es DeMilla El\u017cbieta Martynowicz, Szczodrkowice 215, 32-043 Ska\u0142a Direcci\u00f3n de correo electr\u00f3nico de contacto del operador: elzbieta.martynowicz@gmail.com El Operador es el Administrador de tus datos personales con respecto a [&hellip;]<\/p>\n","protected":false},"author":1,"featured_media":0,"parent":0,"menu_order":0,"comment_status":"closed","ping_status":"closed","template":"elementor_header_footer","meta":{"inline_featured_image":false,"footnotes":""},"class_list":["post-4090","page","type-page","status-publish","hentry"],"yoast_head":"<!-- This site is optimized with the Yoast SEO plugin v24.6 - https:\/\/yoast.com\/wordpress\/plugins\/seo\/ -->\n<title>Pol\u00edtica de privacidad - Human1st<\/title>\n<meta name=\"robots\" content=\"index, follow, max-snippet:-1, max-image-preview:large, max-video-preview:-1\" \/>\n<link rel=\"canonical\" href=\"https:\/\/human1st.eu\/es\/politica-de-privacidad\/\" \/>\n<meta property=\"og:locale\" content=\"es_ES\" \/>\n<meta property=\"og:type\" content=\"article\" \/>\n<meta property=\"og:title\" content=\"Pol\u00edtica de privacidad - Human1st\" \/>\n<meta property=\"og:description\" content=\"A. Informaci\u00f3n general Esta pol\u00edtica se aplica al Sitio Web, que opera en la URL human1st.eu El operador del servicio y administrador de los datos personales es DeMilla El\u017cbieta Martynowicz, Szczodrkowice 215, 32-043 Ska\u0142a Direcci\u00f3n de correo electr\u00f3nico de contacto del operador: elzbieta.martynowicz@gmail.com El Operador es el Administrador de tus datos personales con respecto a [&hellip;]\" \/>\n<meta property=\"og:url\" content=\"https:\/\/human1st.eu\/es\/politica-de-privacidad\/\" \/>\n<meta property=\"og:site_name\" content=\"Human1st\" \/>\n<meta property=\"article:modified_time\" content=\"2024-11-25T20:23:40+00:00\" \/>\n<meta name=\"twitter:card\" content=\"summary_large_image\" \/>\n<meta name=\"twitter:label1\" content=\"Tiempo de lectura\" \/>\n\t<meta name=\"twitter:data1\" content=\"7 minutos\" \/>\n<script type=\"application\/ld+json\" class=\"yoast-schema-graph\">{\"@context\":\"https:\/\/schema.org\",\"@graph\":[{\"@type\":\"WebPage\",\"@id\":\"https:\/\/human1st.eu\/es\/politica-de-privacidad\/\",\"url\":\"https:\/\/human1st.eu\/es\/politica-de-privacidad\/\",\"name\":\"Pol\u00edtica de privacidad - Human1st\",\"isPartOf\":{\"@id\":\"https:\/\/human1st.eu\/es\/#website\"},\"datePublished\":\"2024-10-28T17:23:11+00:00\",\"dateModified\":\"2024-11-25T20:23:40+00:00\",\"breadcrumb\":{\"@id\":\"https:\/\/human1st.eu\/es\/politica-de-privacidad\/#breadcrumb\"},\"inLanguage\":\"es\",\"potentialAction\":[{\"@type\":\"ReadAction\",\"target\":[\"https:\/\/human1st.eu\/es\/politica-de-privacidad\/\"]}]},{\"@type\":\"BreadcrumbList\",\"@id\":\"https:\/\/human1st.eu\/es\/politica-de-privacidad\/#breadcrumb\",\"itemListElement\":[{\"@type\":\"ListItem\",\"position\":1,\"name\":\"P\u00e1gina de inicio\",\"item\":\"https:\/\/human1st.eu\/es\/\"},{\"@type\":\"ListItem\",\"position\":2,\"name\":\"Pol\u00edtica de privacidad\"}]},{\"@type\":\"WebSite\",\"@id\":\"https:\/\/human1st.eu\/es\/#website\",\"url\":\"https:\/\/human1st.eu\/es\/\",\"name\":\"Human1st\",\"description\":\"Agencja pracy\",\"potentialAction\":[{\"@type\":\"SearchAction\",\"target\":{\"@type\":\"EntryPoint\",\"urlTemplate\":\"https:\/\/human1st.eu\/es\/?s={search_term_string}\"},\"query-input\":{\"@type\":\"PropertyValueSpecification\",\"valueRequired\":true,\"valueName\":\"search_term_string\"}}],\"inLanguage\":\"es\"}]}<\/script>\n<!-- \/ Yoast SEO plugin. -->","yoast_head_json":{"title":"Pol\u00edtica de privacidad - Human1st","robots":{"index":"index","follow":"follow","max-snippet":"max-snippet:-1","max-image-preview":"max-image-preview:large","max-video-preview":"max-video-preview:-1"},"canonical":"https:\/\/human1st.eu\/es\/politica-de-privacidad\/","og_locale":"es_ES","og_type":"article","og_title":"Pol\u00edtica de privacidad - Human1st","og_description":"A. Informaci\u00f3n general Esta pol\u00edtica se aplica al Sitio Web, que opera en la URL human1st.eu El operador del servicio y administrador de los datos personales es DeMilla El\u017cbieta Martynowicz, Szczodrkowice 215, 32-043 Ska\u0142a Direcci\u00f3n de correo electr\u00f3nico de contacto del operador: elzbieta.martynowicz@gmail.com El Operador es el Administrador de tus datos personales con respecto a [&hellip;]","og_url":"https:\/\/human1st.eu\/es\/politica-de-privacidad\/","og_site_name":"Human1st","article_modified_time":"2024-11-25T20:23:40+00:00","twitter_card":"summary_large_image","twitter_misc":{"Tiempo de lectura":"7 minutos"},"schema":{"@context":"https:\/\/schema.org","@graph":[{"@type":"WebPage","@id":"https:\/\/human1st.eu\/es\/politica-de-privacidad\/","url":"https:\/\/human1st.eu\/es\/politica-de-privacidad\/","name":"Pol\u00edtica de privacidad - Human1st","isPartOf":{"@id":"https:\/\/human1st.eu\/es\/#website"},"datePublished":"2024-10-28T17:23:11+00:00","dateModified":"2024-11-25T20:23:40+00:00","breadcrumb":{"@id":"https:\/\/human1st.eu\/es\/politica-de-privacidad\/#breadcrumb"},"inLanguage":"es","potentialAction":[{"@type":"ReadAction","target":["https:\/\/human1st.eu\/es\/politica-de-privacidad\/"]}]},{"@type":"BreadcrumbList","@id":"https:\/\/human1st.eu\/es\/politica-de-privacidad\/#breadcrumb","itemListElement":[{"@type":"ListItem","position":1,"name":"P\u00e1gina de inicio","item":"https:\/\/human1st.eu\/es\/"},{"@type":"ListItem","position":2,"name":"Pol\u00edtica de privacidad"}]},{"@type":"WebSite","@id":"https:\/\/human1st.eu\/es\/#website","url":"https:\/\/human1st.eu\/es\/","name":"Human1st","description":"Agencja pracy","potentialAction":[{"@type":"SearchAction","target":{"@type":"EntryPoint","urlTemplate":"https:\/\/human1st.eu\/es\/?s={search_term_string}"},"query-input":{"@type":"PropertyValueSpecification","valueRequired":true,"valueName":"search_term_string"}}],"inLanguage":"es"}]}},"_links":{"self":[{"href":"https:\/\/human1st.eu\/es\/wp-json\/wp\/v2\/pages\/4090","targetHints":{"allow":["GET"]}}],"collection":[{"href":"https:\/\/human1st.eu\/es\/wp-json\/wp\/v2\/pages"}],"about":[{"href":"https:\/\/human1st.eu\/es\/wp-json\/wp\/v2\/types\/page"}],"author":[{"embeddable":true,"href":"https:\/\/human1st.eu\/es\/wp-json\/wp\/v2\/users\/1"}],"replies":[{"embeddable":true,"href":"https:\/\/human1st.eu\/es\/wp-json\/wp\/v2\/comments?post=4090"}],"version-history":[{"count":1,"href":"https:\/\/human1st.eu\/es\/wp-json\/wp\/v2\/pages\/4090\/revisions"}],"predecessor-version":[{"id":4091,"href":"https:\/\/human1st.eu\/es\/wp-json\/wp\/v2\/pages\/4090\/revisions\/4091"}],"wp:attachment":[{"href":"https:\/\/human1st.eu\/es\/wp-json\/wp\/v2\/media?parent=4090"}],"curies":[{"name":"wp","href":"https:\/\/api.w.org\/{rel}","templated":true}]}}