{"id":4094,"date":"2024-10-30T12:36:32","date_gmt":"2024-10-30T11:36:32","guid":{"rendered":"https:\/\/human1st.eu\/politica-de-derechos-humanos-para-human1st\/"},"modified":"2024-11-25T21:23:40","modified_gmt":"2024-11-25T20:23:40","slug":"politica-de-derechos-humanos-para-human1st","status":"publish","type":"page","link":"https:\/\/human1st.eu\/es\/politica-de-derechos-humanos-para-human1st\/","title":{"rendered":"Pol\u00edtica de derechos humanos para Human1st"},"content":{"rendered":"\t\t<div data-elementor-type=\"wp-page\" data-elementor-id=\"4094\" class=\"elementor elementor-4094 elementor-1318\" data-elementor-post-type=\"page\">\n\t\t\t\t<div class=\"elementor-element elementor-element-7b484b3 e-flex e-con-boxed e-con e-parent\" data-id=\"7b484b3\" data-element_type=\"container\" data-settings=\"{&quot;background_background&quot;:&quot;classic&quot;}\">\n\t\t\t\t\t<div class=\"e-con-inner\">\n\t\t\t\t<div class=\"elementor-element elementor-element-fef30dc elementor-align-center elementor-widget__width-inherit elementor-widget elementor-widget-breadcrumbs\" data-id=\"fef30dc\" data-element_type=\"widget\" data-widget_type=\"breadcrumbs.default\">\n\t\t\t\t<div class=\"elementor-widget-container\">\n\t\t\t<p id=\"breadcrumbs\"><span><span><a href=\"https:\/\/human1st.eu\/es\/\">P\u00e1gina de inicio<\/a><\/span><\/span><\/p>\t\t<\/div>\n\t\t\t\t<\/div>\n\t\t\t\t\t<\/div>\n\t\t\t\t<\/div>\n\t\t<div class=\"elementor-element elementor-element-77d186d e-flex e-con-boxed e-con e-parent\" data-id=\"77d186d\" data-element_type=\"container\">\n\t\t\t\t\t<div class=\"e-con-inner\">\n\t\t\t\t<div class=\"elementor-element elementor-element-7c5813f elementor-widget elementor-widget-text-editor\" data-id=\"7c5813f\" data-element_type=\"widget\" data-widget_type=\"text-editor.default\">\n\t\t\t\t<div class=\"elementor-widget-container\">\n\t\t\t\t\t\t\t<span data-contrast=\"none\">La Pol\u00edtica de Derechos Humanos <strong>de Human1st<\/strong> es un elemento fundamental de nuestra cultura organizativa. Nos centramos en la integridad, la transparencia y el compromiso de promover mejores condiciones de trabajo para nuestros empleados y candidatos. Human1st sigue siendo un guardi\u00e1n de los derechos humanos, esforz\u00e1ndose por crear un espacio de trabajo que respete y apoye a cada individuo.  <\/span><span data-ccp-props=\"{\"134233117\":false,\"134233118\":false,\"335551550\":0,\"335551620\":0,\"335559738\":240,\"335559739\":240}\"> <\/span>\n\n<b><span data-contrast=\"none\">Misi\u00f3n y Valores<\/span><\/b>\n<span data-contrast=\"none\">Human1st es una empresa que sit\u00faa a las personas en el centro de todo lo que hace, convencida de que todos los empleados y candidatos merecen respeto, igualdad y un trato justo. Nos comprometemos a promover y proteger los derechos humanos en todos los niveles de la organizaci\u00f3n. Nuestras pol\u00edticas se basan en normas internacionales como la Declaraci\u00f3n Universal de los Derechos Humanos, los convenios de la Organizaci\u00f3n Internacional del Trabajo (OIT) y los Principios Rectores sobre las Empresas y los Derechos Humanos de la ONU. Nuestro objetivo es construir un entorno que promueva la diversidad, la igualdad y la ausencia de toda forma de discriminaci\u00f3n.   <\/span><span data-ccp-props=\"{\"134233117\":false,\"134233118\":false,\"335551550\":0,\"335551620\":0,\"335559738\":240,\"335559739\":240}\"> <\/span>\n<ol type=\"a\">\n \t<li><b><span data-contrast=\"none\">  Igualdad de oportunidades<\/span><\/b>\n<span data-contrast=\"none\">Human1st trabaja por la igualdad de trato y la promoci\u00f3n de oportunidades para todos. Garantizamos que todos los candidatos y empleados tengan las mismas oportunidades de empleo, desarrollo profesional y promoci\u00f3n, independientemente de su sexo, edad, etnia, religi\u00f3n, orientaci\u00f3n sexual o situaci\u00f3n socioecon\u00f3mica. <\/span><\/li>\n \t<li><b><span data-contrast=\"none\">  Dignidad y respeto<\/span><\/b>\n<span data-contrast=\"none\">Nuestros procesos de contrataci\u00f3n y nuestras pr\u00e1cticas cotidianas se desarrollan en una atm\u00f3sfera de respeto mutuo. Nos aseguramos de que todos los empleados sean tratados con dignidad, independientemente de su cargo. Promovemos una comunicaci\u00f3n abierta para que todo el mundo sea libre de expresar sus opiniones, necesidades y plantear cualquier preocupaci\u00f3n.  <\/span><\/li>\n \t<li><b><span data-contrast=\"none\">  Salud y seguridad<\/span><\/b>\n<span data-contrast=\"none\">La prioridad de Human1st es proporcionar un entorno de trabajo seguro, tanto f\u00edsica como mentalmente. Nos esforzamos por minimizar los riesgos laborales proporcionando la formaci\u00f3n adecuada y aplicando normas de salud y seguridad. Tambi\u00e9n cuidamos la salud mental de nuestros empleados creando una cultura de apoyo y conciliaci\u00f3n de la vida laboral y familiar.  <\/span><\/li>\n \t<li><b><span data-contrast=\"none\">  Libertad frente a la discriminaci\u00f3n y el acoso<\/span><\/b>\n<span data-contrast=\"none\">Human1st tiene una pol\u00edtica de tolerancia cero hacia cualquier forma de discriminaci\u00f3n, acoso o intimidaci\u00f3n. Nos comprometemos a responder a todas las denuncias de infracciones y a garantizar un proceso de denuncia justo. Cualquier forma de discriminaci\u00f3n es inaceptable y se castiga severamente.  <\/span><\/li>\n \t<li><b><span data-contrast=\"none\">  Condiciones de trabajo y remuneraci\u00f3n justas<\/span><\/b>\n<span data-contrast=\"none\">Nuestra empresa se compromete a proporcionar una remuneraci\u00f3n justa que cumpla la legislaci\u00f3n local y un nivel de vida digno. Estamos comprometidos con la transparencia en t\u00e9rminos de condiciones de empleo, remuneraci\u00f3n y cualquier beneficio. Creemos que todo empleado debe tener derecho a unas condiciones de trabajo estables y justas.  <\/span><\/li>\n \t<li><b><span data-contrast=\"none\">  Responsabilidad social y apoyo a las comunidades locales<\/span><\/b>\n<span data-contrast=\"none\">Human1st se compromete a apoyar a las comunidades en las que opera. Iniciamos programas educativos, nos asociamos con organizaciones sin \u00e1nimo de lucro y trabajamos activamente para concienciar sobre los derechos humanos. Apoyamos el desarrollo sostenible y las iniciativas que promueven la sostenibilidad medioambiental.  <\/span><\/li>\n \t<li><b><span data-contrast=\"none\">  Aplicaci\u00f3n y seguimiento<\/span><\/b>\n<span data-contrast=\"none\">Nuestro equipo revisa y supervisa peri\u00f3dicamente las actividades relacionadas con los derechos humanos y las normas \u00e9ticas para garantizar que son eficaces y acordes con nuestras pol\u00edticas. Los empleados reciben formaci\u00f3n sobre esta pol\u00edtica y cualquier desviaci\u00f3n se trata con prontitud. <\/span><\/li>\n<\/ol>\t\t\t\t\t\t<\/div>\n\t\t\t\t<\/div>\n\t\t\t\t\t<\/div>\n\t\t\t\t<\/div>\n\t\t\t\t<\/div>\n\t\t","protected":false},"excerpt":{"rendered":"<p>La Pol\u00edtica de Derechos Humanos de Human1st es un elemento fundamental de nuestra cultura organizativa. Nos centramos en la integridad, la transparencia y el compromiso de promover mejores condiciones de trabajo para nuestros empleados y candidatos. Human1st sigue siendo un guardi\u00e1n de los derechos humanos, esforz\u00e1ndose por crear un espacio de trabajo que respete y [&hellip;]<\/p>\n","protected":false},"author":1,"featured_media":0,"parent":0,"menu_order":0,"comment_status":"closed","ping_status":"closed","template":"elementor_header_footer","meta":{"inline_featured_image":false,"footnotes":""},"class_list":["post-4094","page","type-page","status-publish","hentry"],"yoast_head":"<!-- This site is optimized with the Yoast SEO plugin v24.6 - https:\/\/yoast.com\/wordpress\/plugins\/seo\/ -->\n<title>Pol\u00edtica de derechos humanos para Human1st - Human1st<\/title>\n<meta name=\"robots\" content=\"index, follow, max-snippet:-1, max-image-preview:large, max-video-preview:-1\" \/>\n<link rel=\"canonical\" href=\"https:\/\/human1st.eu\/es\/politica-de-derechos-humanos-para-human1st\/\" \/>\n<meta property=\"og:locale\" content=\"es_ES\" \/>\n<meta property=\"og:type\" content=\"article\" \/>\n<meta property=\"og:title\" content=\"Pol\u00edtica de derechos humanos para Human1st - Human1st\" \/>\n<meta property=\"og:description\" content=\"La Pol\u00edtica de Derechos Humanos de Human1st es un elemento fundamental de nuestra cultura organizativa. Nos centramos en la integridad, la transparencia y el compromiso de promover mejores condiciones de trabajo para nuestros empleados y candidatos. Human1st sigue siendo un guardi\u00e1n de los derechos humanos, esforz\u00e1ndose por crear un espacio de trabajo que respete y [&hellip;]\" \/>\n<meta property=\"og:url\" content=\"https:\/\/human1st.eu\/es\/politica-de-derechos-humanos-para-human1st\/\" \/>\n<meta property=\"og:site_name\" content=\"Human1st\" \/>\n<meta property=\"article:modified_time\" content=\"2024-11-25T20:23:40+00:00\" \/>\n<meta name=\"twitter:card\" content=\"summary_large_image\" \/>\n<meta name=\"twitter:label1\" content=\"Tiempo de lectura\" \/>\n\t<meta name=\"twitter:data1\" content=\"3 minutos\" \/>\n<script type=\"application\/ld+json\" class=\"yoast-schema-graph\">{\"@context\":\"https:\/\/schema.org\",\"@graph\":[{\"@type\":\"WebPage\",\"@id\":\"https:\/\/human1st.eu\/es\/politica-de-derechos-humanos-para-human1st\/\",\"url\":\"https:\/\/human1st.eu\/es\/politica-de-derechos-humanos-para-human1st\/\",\"name\":\"Pol\u00edtica de derechos humanos para Human1st - Human1st\",\"isPartOf\":{\"@id\":\"https:\/\/human1st.eu\/es\/#website\"},\"datePublished\":\"2024-10-30T11:36:32+00:00\",\"dateModified\":\"2024-11-25T20:23:40+00:00\",\"breadcrumb\":{\"@id\":\"https:\/\/human1st.eu\/es\/politica-de-derechos-humanos-para-human1st\/#breadcrumb\"},\"inLanguage\":\"es\",\"potentialAction\":[{\"@type\":\"ReadAction\",\"target\":[\"https:\/\/human1st.eu\/es\/politica-de-derechos-humanos-para-human1st\/\"]}]},{\"@type\":\"BreadcrumbList\",\"@id\":\"https:\/\/human1st.eu\/es\/politica-de-derechos-humanos-para-human1st\/#breadcrumb\",\"itemListElement\":[{\"@type\":\"ListItem\",\"position\":1,\"name\":\"P\u00e1gina de inicio\",\"item\":\"https:\/\/human1st.eu\/es\/\"},{\"@type\":\"ListItem\",\"position\":2,\"name\":\"Pol\u00edtica de derechos humanos para Human1st\"}]},{\"@type\":\"WebSite\",\"@id\":\"https:\/\/human1st.eu\/es\/#website\",\"url\":\"https:\/\/human1st.eu\/es\/\",\"name\":\"Human1st\",\"description\":\"Agencja pracy\",\"potentialAction\":[{\"@type\":\"SearchAction\",\"target\":{\"@type\":\"EntryPoint\",\"urlTemplate\":\"https:\/\/human1st.eu\/es\/?s={search_term_string}\"},\"query-input\":{\"@type\":\"PropertyValueSpecification\",\"valueRequired\":true,\"valueName\":\"search_term_string\"}}],\"inLanguage\":\"es\"}]}<\/script>\n<!-- \/ Yoast SEO plugin. -->","yoast_head_json":{"title":"Pol\u00edtica de derechos humanos para Human1st - Human1st","robots":{"index":"index","follow":"follow","max-snippet":"max-snippet:-1","max-image-preview":"max-image-preview:large","max-video-preview":"max-video-preview:-1"},"canonical":"https:\/\/human1st.eu\/es\/politica-de-derechos-humanos-para-human1st\/","og_locale":"es_ES","og_type":"article","og_title":"Pol\u00edtica de derechos humanos para Human1st - Human1st","og_description":"La Pol\u00edtica de Derechos Humanos de Human1st es un elemento fundamental de nuestra cultura organizativa. Nos centramos en la integridad, la transparencia y el compromiso de promover mejores condiciones de trabajo para nuestros empleados y candidatos. Human1st sigue siendo un guardi\u00e1n de los derechos humanos, esforz\u00e1ndose por crear un espacio de trabajo que respete y [&hellip;]","og_url":"https:\/\/human1st.eu\/es\/politica-de-derechos-humanos-para-human1st\/","og_site_name":"Human1st","article_modified_time":"2024-11-25T20:23:40+00:00","twitter_card":"summary_large_image","twitter_misc":{"Tiempo de lectura":"3 minutos"},"schema":{"@context":"https:\/\/schema.org","@graph":[{"@type":"WebPage","@id":"https:\/\/human1st.eu\/es\/politica-de-derechos-humanos-para-human1st\/","url":"https:\/\/human1st.eu\/es\/politica-de-derechos-humanos-para-human1st\/","name":"Pol\u00edtica de derechos humanos para Human1st - Human1st","isPartOf":{"@id":"https:\/\/human1st.eu\/es\/#website"},"datePublished":"2024-10-30T11:36:32+00:00","dateModified":"2024-11-25T20:23:40+00:00","breadcrumb":{"@id":"https:\/\/human1st.eu\/es\/politica-de-derechos-humanos-para-human1st\/#breadcrumb"},"inLanguage":"es","potentialAction":[{"@type":"ReadAction","target":["https:\/\/human1st.eu\/es\/politica-de-derechos-humanos-para-human1st\/"]}]},{"@type":"BreadcrumbList","@id":"https:\/\/human1st.eu\/es\/politica-de-derechos-humanos-para-human1st\/#breadcrumb","itemListElement":[{"@type":"ListItem","position":1,"name":"P\u00e1gina de inicio","item":"https:\/\/human1st.eu\/es\/"},{"@type":"ListItem","position":2,"name":"Pol\u00edtica de derechos humanos para Human1st"}]},{"@type":"WebSite","@id":"https:\/\/human1st.eu\/es\/#website","url":"https:\/\/human1st.eu\/es\/","name":"Human1st","description":"Agencja pracy","potentialAction":[{"@type":"SearchAction","target":{"@type":"EntryPoint","urlTemplate":"https:\/\/human1st.eu\/es\/?s={search_term_string}"},"query-input":{"@type":"PropertyValueSpecification","valueRequired":true,"valueName":"search_term_string"}}],"inLanguage":"es"}]}},"_links":{"self":[{"href":"https:\/\/human1st.eu\/es\/wp-json\/wp\/v2\/pages\/4094","targetHints":{"allow":["GET"]}}],"collection":[{"href":"https:\/\/human1st.eu\/es\/wp-json\/wp\/v2\/pages"}],"about":[{"href":"https:\/\/human1st.eu\/es\/wp-json\/wp\/v2\/types\/page"}],"author":[{"embeddable":true,"href":"https:\/\/human1st.eu\/es\/wp-json\/wp\/v2\/users\/1"}],"replies":[{"embeddable":true,"href":"https:\/\/human1st.eu\/es\/wp-json\/wp\/v2\/comments?post=4094"}],"version-history":[{"count":1,"href":"https:\/\/human1st.eu\/es\/wp-json\/wp\/v2\/pages\/4094\/revisions"}],"predecessor-version":[{"id":4095,"href":"https:\/\/human1st.eu\/es\/wp-json\/wp\/v2\/pages\/4094\/revisions\/4095"}],"wp:attachment":[{"href":"https:\/\/human1st.eu\/es\/wp-json\/wp\/v2\/media?parent=4094"}],"curies":[{"name":"wp","href":"https:\/\/api.w.org\/{rel}","templated":true}]}}